{"id":21,"date":"2025-01-20T09:14:28","date_gmt":"2025-01-20T08:14:28","guid":{"rendered":"https:\/\/www.wildgoose.se\/?page_id=21"},"modified":"2025-01-23T11:50:43","modified_gmt":"2025-01-23T10:50:43","slug":"hem","status":"publish","type":"page","link":"https:\/\/www.wildgoose.se\/","title":{"rendered":"Hej"},"content":{"rendered":"\n<h2 class=\"wp-block-heading\"><strong>V\u00e4lkommen till Vildg\u00e5sen<\/strong><\/h2>\n\n\n\n<p>Jag heter Claes, \u00e4r legitimerad psykolog, och jag arbetar med att utbilda, handleda och behandla. Jag utbildar kring hur m\u00e4nniskan fungerar i sv\u00e5ra situationer, jag handleder chefer, ledningsgrupper, medarbetare och arbetslag, och jag arbetar med psykologisk behandling.<\/p>\n\n\n\n<p>Du \u00e4r varmt v\u00e4lkommen att mejla mig p\u00e5 <a href=\"mailto:claes@wildgoose.se\">claes@wildgoose.se<\/a>.<\/p>\n\n\n\n<p>Claes<\/p>\n","protected":false},"excerpt":{"rendered":"<p>V\u00e4lkommen till Vildg\u00e5sen Jag heter Claes, \u00e4r legitimerad psykolog, och jag arbetar med att utbilda, handleda och behandla. Jag utbildar kring hur m\u00e4nniskan fungerar i sv\u00e5ra situationer, jag handleder chefer, ledningsgrupper, medarbetare och arbetslag, och jag arbetar med psykologisk behandling. Du \u00e4r varmt v\u00e4lkommen att mejla mig p\u00e5 claes@wildgoose.se. Claes<\/p>\n","protected":false},"author":1,"featured_media":246,"parent":0,"menu_order":1,"comment_status":"closed","ping_status":"closed","template":"","meta":{"footnotes":""},"class_list":["post-21","page","type-page","status-publish","has-post-thumbnail","hentry"],"jetpack_likes_enabled":true,"jetpack_sharing_enabled":true,"_links":{"self":[{"href":"https:\/\/www.wildgoose.se\/index.php\/wp-json\/wp\/v2\/pages\/21","targetHints":{"allow":["GET"]}}],"collection":[{"href":"https:\/\/www.wildgoose.se\/index.php\/wp-json\/wp\/v2\/pages"}],"about":[{"href":"https:\/\/www.wildgoose.se\/index.php\/wp-json\/wp\/v2\/types\/page"}],"author":[{"embeddable":true,"href":"https:\/\/www.wildgoose.se\/index.php\/wp-json\/wp\/v2\/users\/1"}],"replies":[{"embeddable":true,"href":"https:\/\/www.wildgoose.se\/index.php\/wp-json\/wp\/v2\/comments?post=21"}],"version-history":[{"count":17,"href":"https:\/\/www.wildgoose.se\/index.php\/wp-json\/wp\/v2\/pages\/21\/revisions"}],"predecessor-version":[{"id":364,"href":"https:\/\/www.wildgoose.se\/index.php\/wp-json\/wp\/v2\/pages\/21\/revisions\/364"}],"wp:featuredmedia":[{"embeddable":true,"href":"https:\/\/www.wildgoose.se\/index.php\/wp-json\/wp\/v2\/media\/246"}],"wp:attachment":[{"href":"https:\/\/www.wildgoose.se\/index.php\/wp-json\/wp\/v2\/media?parent=21"}],"curies":[{"name":"wp","href":"https:\/\/api.w.org\/{rel}","templated":true}]}}