{"id":509,"date":"2025-10-26T19:36:44","date_gmt":"2025-10-26T18:36:44","guid":{"rendered":"https:\/\/www.wildgoose.se\/?page_id=509"},"modified":"2025-10-30T00:58:43","modified_gmt":"2025-10-29T23:58:43","slug":"chefsstod","status":"publish","type":"page","link":"https:\/\/www.wildgoose.se\/index.php\/chefsstod\/","title":{"rendered":"Chefsst\u00f6d"},"content":{"rendered":"\n<p><em>Chefen b\u00e4r alltid ansvaret i f\u00f6rsta hand<\/em>, har n\u00e5gon sagt. Det ansvaret kan vara tungt att b\u00e4ra. F\u00f6r m\u00e5nga chefer \u00e4r det en ensam uppgift, trots att det kan finnas chefskollegor i n\u00e4rheten eller en ledningsgrupp man ing\u00e5r i.<\/p>\n\n\n\n<p>Chefshandledning \u00e4r ett st\u00f6d f\u00f6r dig som chef att g\u00f6ra en halvhalt och ta ut distans f\u00f6r att ventilera, inventera, sortera, prioritera och kunna agera \u2013 l\u00f6sa uppdraget med fokus p\u00e5 uppgift, omtanke om personal och h\u00e4nsyn till budget. Det handlar om s\u00e5dant som att skapa \u00f6verblick, f\u00e5 grepp p\u00e5 l\u00e4get, se olika perspektiv, prova tankar och beslut, och b\u00e5de l\u00f6sa sitt uppdrag och ta hand om sig sj\u00e4lv.<\/p>\n\n\n\n<p>K\u00e4rt barn har m\u00e5nga namn. Synonymer och begrepp som ligger n\u00e4ra handledning \u00e4r till exempel: v\u00e4gledning, konsultation, r\u00e5dgivning, facilitering, coaching, mentorskap och <em>speaking partner<\/em>.<\/p>\n\n\n\n<h2 class=\"wp-block-heading\"><strong>Vad \u00e4r chefshandledning?<\/strong><\/h2>\n\n\n\n<p>Chefshandledning eller <em>chief executive counselling<\/em> handlar om st\u00f6d till dig som chef och ledare \u2013 du som b\u00e4r ansvar \u00f6ver verksamhet, personal, budget och att l\u00f6sa st\u00e4lld uppgift med tilldelade resurser.<\/p>\n\n\n\n<p>M\u00e5nga chefer jag m\u00f6ter ber\u00e4ttar om olika ensamhet och utsatthet. Chefen b\u00e4r ansvar som inte utan vidare kan delas. I n\u00e4ringslivet finns som regel ett ansvar gentemot styrelse och aktie\u00e4gare. I det offentliga finns som regel ett ansvar gentemot politiker och medborgare.<\/p>\n\n\n\n<p>I funktionen som chef och i rollen som ledare kan man m\u00f6ta en m\u00e4ngd sv\u00e5righeter. Sv\u00e5ra beslut. Sv\u00e5ra personal\u00e4renden. Sv\u00e5ra samtal. Sv\u00e5ra m\u00f6ten med media. Obalans mellan resurser och uppgifter. M\u00e5lkonflikter. Friktioner n\u00e4r planer ska oms\u00e4ttas i praktik. F\u00f6r\u00e4ndringsarbete. Projektioner n\u00e4r fel och brister tillskrivs dig som person. Etiska dilemman. Uth\u00e4ngningar i sociala medier. Ett s\u00e4rskilt problem \u00e4r n\u00e4r chefer mobbas av medarbetare och n\u00e4r organisationer, verksamheter eller enheter \u2019\u00e4ter\u2019 chefer.<\/p>\n\n\n\n<p>F\u00f6r n\u00e5gra chefer handlar st\u00f6det om att utvecklas och f\u00f6r andra kan det handla om att inte f\u00f6rlora sig sj\u00e4lva.<\/p>\n\n\n\n<h2 class=\"wp-block-heading\"><strong>Vad \u00e4r <mark style=\"background-color:rgba(0, 0, 0, 0);color:#cf2e2e\" class=\"has-inline-color has-vivid-red-color\">inte<\/mark><\/strong> <strong>chefshandledning?<\/strong><\/h2>\n\n\n\n<p>Chefshandledning \u00e4r <strong>inte <\/strong>h\u00e4lso- och sjukv\u00e5rd,<strong> <\/strong>det \u00e4r <strong>inte<\/strong> psykologisk behandling (psykoterapi) och det inneb\u00e4r att det <strong>inte<\/strong> finns krav p\u00e5 journalf\u00f6ring och att du <strong>inte<\/strong> kan klaga till Inspektionen f\u00f6r v\u00e5rd och omsorg (IVO).<\/p>\n\n\n\n<p>Det finns inte n\u00e5got lagstiftat krav p\u00e5 tystnadsplikt, men jag h\u00e5ller den tystnadsplikt som f\u00f6ljer med min legitimation som psykolog.<\/p>\n\n\n\n<p>Om du beskriver eller jag m\u00e4rker ett lidande eller oh\u00e4lsa som inneb\u00e4r att du \u00e4r hj\u00e4lpt av h\u00e4lso- och sjukv\u00e5rd s\u00e5 s\u00e4ger jag det till dig.<\/p>\n\n\n\n<h2 class=\"wp-block-heading\"><strong>Hur g\u00f6r man?<\/strong><\/h2>\n\n\n\n<p>Vi b\u00f6rjar med det f\u00f6rsta samtalet. Chefshandledning kan g\u00f6ras p\u00e5 olika s\u00e4tt, och i det f\u00f6rsta samtalet definierar vi problem och skissar en plan som vi sedan kan justera efterhand. <\/p>\n\n\n\n<p>Du f\u00e5r m\u00f6jlighet att ber\u00e4tta om din situation och beskriva det du vill hj\u00e4lp med. Jag lyssnar och fr\u00e5gar. Folk \u00e4r s\u00e5 klart lite olika. N\u00e5gra har l\u00e4tt att ber\u00e4tta och beskriva, och andra tycker det \u00e4r sv\u00e5rare. N\u00e5gra har klart f\u00f6r sig vad problemet \u00e4r och vilket slags st\u00f6d de vill ha, andra tycker det \u00e4r sv\u00e5rare. En del problem \u00e4r klara och tydliga, och mycket l\u00e4tta att beskriva, och andra problem \u00e4r komplicerade, komplexa eller kaotiska, och mycket sv\u00e5ra att beskriva. Ibland finns ett eller n\u00e5gra klara och tydliga problem att arbeta med i chefshandledning. Ibland \u00e4r l\u00e4get s\u00e5 oklart och otydligt att det \u00e4r det chefshandledningen beh\u00f6ver ge dig som chef st\u00f6d att navigera i. <\/p>\n\n\n\n<p>Efter det f\u00f6rsta samtalet, eller kanske de tv\u00e5 f\u00f6rsta samtalen, s\u00e5 har vi en plan p\u00e5 hur vi arbetar fram\u00e5t. Det inneb\u00e4r som regel att vi har en \u00f6verenskommelse som str\u00e4cker sig ett halv\u00e5r eller \u00e5r fram\u00e5t, med samtal d\u00e4r vi har en gemensam id\u00e9 om endera s\u00e5dant vi best\u00e4mt i f\u00f6rv\u00e4g eller en beredskap f\u00f6r uppkomna fr\u00e5gor, dilemman eller problem.<\/p>\n\n\n\n<p>Min kompetens som chefshandledare omfattar flera olika typer av handledning. Fr\u00e5n det formella och strukturerade till det informella och ostrukturerade. Fr\u00e5n de planerade samtalen med i f\u00f6rv\u00e4g best\u00e4mda sessioner d\u00e4r vi steg f\u00f6r steg g\u00e5r igenom fr\u00e5gor eller f\u00e4rdigheter, till samtal p\u00e5 avrop vid behov.  Samtalen kan kategoriseras p\u00e5 lite olika s\u00e4tt, och som regel beh\u00f6ver vi balansera tv\u00e5 delar, dels din person, situation och funktion, dels organisation, problem och resultat. <\/p>\n\n\n\n<p>Jag har erfarenhet att arbeta med olika intervall, fr\u00e5n veckovisa samtal via varannan vecka till kvartal och p\u00e5 avrop. Det vanligaste \u00e4r samtal med intervallet var tredje eller var fj\u00e4rde vecka. Det \u00e4r inte ovanligt att samtalen b\u00f6rjar med kortare intervall och sedan glesas ut innan avslut. I n\u00e5gra fall har de strukturerade samtalen avslutats enligt plan och vi har gjort en \u00f6verenskommelse om enklare avst\u00e4mningar \u00f6ver telefon vid behov.<\/p>\n\n\n\n<h2 class=\"wp-block-heading\"><strong>Vad vill chefer ha st\u00f6d med?<\/strong><\/h2>\n\n\n\n<p>Detta \u00e4r n\u00e5gra avidentifierade exempel p\u00e5 vad chefer lyft med mig i handledning:<\/p>\n\n\n\n<ul class=\"wp-block-list\">\n<li><strong>Person, chef och ledare<\/strong>\n<ul class=\"wp-block-list\">\n<li>Ny som chef \u2014 hur g\u00f6r jag?<\/li>\n\n\n\n<li>Erfaren som chef \u2014 har jag fastnat i gamla m\u00f6nster?<\/li>\n\n\n\n<li>Gammal som chef \u2014 hur forts\u00e4tter jag?<\/li>\n\n\n\n<li>F\u00f6rsta linjens chef \u2014 kl\u00e4md mellan medarbetare och mellanchefer<\/li>\n\n\n\n<li>Mellanchef \u2014 kl\u00e4md mellan l\u00e4gre chefer och h\u00f6gre chef<\/li>\n\n\n\n<li>Strategisk chef \u2014 hur leder jag chefer?<\/li>\n\n\n\n<li>Jag har g\u00e5tt UGL men hur g\u00f6r jag?<\/li>\n\n\n\n<li>Jag har g\u00e5tt UL men hur g\u00f6r jag?<\/li>\n\n\n\n<li>Jag har l\u00e4st kurser i ledarskap men hur g\u00f6r jag?<\/li>\n\n\n\n<li>Ledarutveckling<\/li>\n\n\n\n<li>Privat, personligt och professionellt<\/li>\n<\/ul>\n<\/li>\n\n\n\n<li><strong>Organisation och grupp<\/strong>\n<ul class=\"wp-block-list\">\n<li>Organisationsutveckling<\/li>\n\n\n\n<li>Grupputveckling<\/li>\n\n\n\n<li>F\u00f6r\u00e4ndra och f\u00f6rvalta<\/li>\n\n\n\n<li>Regler, rutiner och riktlinjer<\/li>\n\n\n\n<li>M\u00e5l, uppdrag och styrning<\/li>\n<\/ul>\n<\/li>\n\n\n\n<li><strong>Relation och kommunikation<\/strong>\n<ul class=\"wp-block-list\">\n<li>Personalv\u00e5rd<\/li>\n\n\n\n<li>Motivation<\/li>\n\n\n\n<li>Prestation<\/li>\n\n\n\n<li>Kommunikation<\/li>\n\n\n\n<li>Sv\u00e5ra samtal<\/li>\n\n\n\n<li>Starka k\u00e4nslor<\/li>\n\n\n\n<li>Gruppdynamik<\/li>\n\n\n\n<li>In- och utgrupper<\/li>\n\n\n\n<li>Konflikthantering<\/li>\n\n\n\n<li>Kontakter med media<\/li>\n<\/ul>\n<\/li>\n\n\n\n<li><strong>Funktion, ledning och f\u00e4rdigheter<\/strong>\n<ul class=\"wp-block-list\">\n<li>Strategi, taktik och teknik<\/li>\n\n\n\n<li>M\u00e4nniska, teknik och organisation (MTO) samt information<\/li>\n\n\n\n<li>Arbetsmilj\u00f6<\/li>\n\n\n\n<li>Planering<\/li>\n\n\n\n<li>Beslutsfattande<\/li>\n\n\n\n<li>Etiska dilemman<\/li>\n\n\n\n<li>Stresshantering<\/li>\n\n\n\n<li>\u00c5terh\u00e4mtning<\/li>\n<\/ul>\n<\/li>\n\n\n\n<li><strong>Situation och friktion<\/strong>\n<ul class=\"wp-block-list\">\n<li>Krishantering<\/li>\n\n\n\n<li>Skymningsl\u00e4ge<\/li>\n\n\n\n<li>P\u00e5g\u00e5ende d\u00f6dligt v\u00e5ld (PDV)<\/li>\n\n\n\n<li>Krisst\u00f6d<\/li>\n\n\n\n<li><em>After action review<\/em> (AAR)<\/li>\n\n\n\n<li>Kr\u00e4nkningar, diskriminering och trakasserier<\/li>\n\n\n\n<li>Mobbing<\/li>\n\n\n\n<li>Skada, sjukdom och olycka<\/li>\n\n\n\n<li>D\u00f6dsfall<\/li>\n\n\n\n<li>Resiliens<\/li>\n<\/ul>\n<\/li>\n<\/ul>\n\n\n\n<h2 class=\"wp-block-heading\"><strong>Tid, plats och kostnad<\/strong><\/h2>\n\n\n\n<p><strong>Tid<\/strong>: 90 minuter eller enligt \u00f6verenskommelse.<\/p>\n\n\n\n<p><strong>Plats<\/strong>: Digitalt eller p\u00e5 plats enligt \u00f6verenskommelse.<\/p>\n\n\n\n<p><strong>Pris<\/strong>: Din m\u00e5nadsl\u00f6n omr\u00e4knad till timl\u00f6n, exklusive moms.<\/p>\n\n\n\n<h2 class=\"wp-block-heading\"><strong>Kontakt<\/strong><\/h2>\n\n\n\n<p>Mejla mig p\u00e5 <a href=\"mailto:claes@wildgoose.se\">claes@wildgoose.se<\/a> s\u00e5 hittar vi en v\u00e4g fram\u00e5t.<\/p>\n","protected":false},"excerpt":{"rendered":"<p>Chefen b\u00e4r alltid ansvaret i f\u00f6rsta hand, har n\u00e5gon sagt. Det ansvaret kan vara tungt att b\u00e4ra. F\u00f6r m\u00e5nga chefer \u00e4r det en ensam uppgift, trots att det kan finnas chefskollegor i n\u00e4rheten eller en ledningsgrupp man ing\u00e5r i. Chefshandledning \u00e4r ett st\u00f6d f\u00f6r dig som chef att g\u00f6ra en halvhalt och ta ut distans &hellip; <\/p>\n<p class=\"link-more\"><a href=\"https:\/\/www.wildgoose.se\/index.php\/chefsstod\/\" class=\"more-link\">Forts\u00e4tt l\u00e4sa<span class=\"screen-reader-text\"> \u201dChefsst\u00f6d\u201d<\/span><\/a><\/p>\n","protected":false},"author":1,"featured_media":513,"parent":0,"menu_order":0,"comment_status":"closed","ping_status":"closed","template":"","meta":{"footnotes":""},"class_list":["post-509","page","type-page","status-publish","has-post-thumbnail","hentry"],"jetpack_likes_enabled":true,"jetpack_sharing_enabled":true,"_links":{"self":[{"href":"https:\/\/www.wildgoose.se\/index.php\/wp-json\/wp\/v2\/pages\/509","targetHints":{"allow":["GET"]}}],"collection":[{"href":"https:\/\/www.wildgoose.se\/index.php\/wp-json\/wp\/v2\/pages"}],"about":[{"href":"https:\/\/www.wildgoose.se\/index.php\/wp-json\/wp\/v2\/types\/page"}],"author":[{"embeddable":true,"href":"https:\/\/www.wildgoose.se\/index.php\/wp-json\/wp\/v2\/users\/1"}],"replies":[{"embeddable":true,"href":"https:\/\/www.wildgoose.se\/index.php\/wp-json\/wp\/v2\/comments?post=509"}],"version-history":[{"count":50,"href":"https:\/\/www.wildgoose.se\/index.php\/wp-json\/wp\/v2\/pages\/509\/revisions"}],"predecessor-version":[{"id":563,"href":"https:\/\/www.wildgoose.se\/index.php\/wp-json\/wp\/v2\/pages\/509\/revisions\/563"}],"wp:featuredmedia":[{"embeddable":true,"href":"https:\/\/www.wildgoose.se\/index.php\/wp-json\/wp\/v2\/media\/513"}],"wp:attachment":[{"href":"https:\/\/www.wildgoose.se\/index.php\/wp-json\/wp\/v2\/media?parent=509"}],"curies":[{"name":"wp","href":"https:\/\/api.w.org\/{rel}","templated":true}]}}